{"id":33,"date":"2018-08-06T14:22:11","date_gmt":"2018-08-06T12:22:11","guid":{"rendered":"https:\/\/scharoun-ensemble.com\/en\/?page_id=33"},"modified":"2024-11-20T17:09:11","modified_gmt":"2024-11-20T16:09:11","slug":"legal-notice","status":"publish","type":"page","link":"https:\/\/scharoun-ensemble.com\/en\/legal-notice\/","title":{"rendered":"Legal Notice"},"content":{"rendered":"<p>Markus Weidmann<br \/>\nStiftung Berliner Philharmoniker<br \/>\nHerbert-von-Karajan-Stra\u00dfe 1<br \/>\n10785 Berlin<br \/>\nphone\/fax: 0321-21254245<\/p>\n<p>\u00a9 Scharoun Ensemble [year]<\/p>\n<p>Haftungshinweis:<br \/>\nTrotz sorgf\u00e4ltiger Kontrolle \u00fcbernehmen wir keine Haftung f\u00fcr den Inhalt externer Links. F\u00fcr den Inhalt der verlinkten Seiten sind ausschlie\u00dflich deren Betreiber verantwortlich.<\/p>\n<p>Photos: <a href=\"https:\/\/felixbroede.com\/\" target=\"_blank\" rel=\"&quot;noopener\u201c\">Felix Broede<\/a><\/p>\n<p>Website: <a href=\"http:\/\/magic-carpets.de\" target=\"_blank\" rel=\"noopener\">magic carpets<\/a><\/p>\n","protected":false},"excerpt":{"rendered":"<p>Markus Weidmann Stiftung Berliner Philharmoniker Herbert-von-Karajan-Stra\u00dfe 1 10785 Berlin phone\/fax: 0321-21254245 \u00a9 Scharoun Ensemble [year] Haftungshinweis: Trotz sorgf\u00e4ltiger Kontrolle \u00fcbernehmen wir keine Haftung f\u00fcr den Inhalt externer Links. F\u00fcr den Inhalt der verlinkten Seiten sind ausschlie\u00dflich deren Betreiber verantwortlich. Photos: Felix Broede Website: magic carpets<\/p>\n","protected":false},"author":1,"featured_media":0,"parent":0,"menu_order":0,"comment_status":"closed","ping_status":"closed","template":"","meta":{"_acf_changed":false,"footnotes":""},"class_list":["post-33","page","type-page","status-publish","hentry","entry"],"acf":[],"_links":{"self":[{"href":"https:\/\/scharoun-ensemble.com\/en\/wp-json\/wp\/v2\/pages\/33","targetHints":{"allow":["GET"]}}],"collection":[{"href":"https:\/\/scharoun-ensemble.com\/en\/wp-json\/wp\/v2\/pages"}],"about":[{"href":"https:\/\/scharoun-ensemble.com\/en\/wp-json\/wp\/v2\/types\/page"}],"author":[{"embeddable":true,"href":"https:\/\/scharoun-ensemble.com\/en\/wp-json\/wp\/v2\/users\/1"}],"replies":[{"embeddable":true,"href":"https:\/\/scharoun-ensemble.com\/en\/wp-json\/wp\/v2\/comments?post=33"}],"version-history":[{"count":0,"href":"https:\/\/scharoun-ensemble.com\/en\/wp-json\/wp\/v2\/pages\/33\/revisions"}],"wp:attachment":[{"href":"https:\/\/scharoun-ensemble.com\/en\/wp-json\/wp\/v2\/media?parent=33"}],"curies":[{"name":"wp","href":"https:\/\/api.w.org\/{rel}","templated":true}]}}