{"id":10,"date":"2018-08-04T12:06:43","date_gmt":"2018-08-04T10:06:43","guid":{"rendered":"https:\/\/scharoun-ensemble.com\/en\/?page_id=10"},"modified":"2024-11-30T17:21:22","modified_gmt":"2024-11-30T16:21:22","slug":"andrej-zust","status":"publish","type":"page","link":"https:\/\/scharoun-ensemble.com\/en\/ensemble\/andrej-zust\/","title":{"rendered":"Andrej \u017dust"},"content":{"rendered":"<p>Andrej \u017dust received his first horn lessons from Janez Polanc in his home town of Logatec. He later moved on to Bo\u0161tjan Lipov\u0161ek at the Academy of Music and Ballet in Ljubljana. The young horn player received artistic inspiration from renowned musicians such as Hermann Baumann, Fr\u00f8ydis Ree Wekre, Viktor Malisch and Radovan Vlatkovi\u010d. Already during his training, he won first prizes as a soloist and chamber musician at numerous national and international competitions. In May 2004, he was appointed solo horn player in the orchestra of the Slovenian Philharmonic Orchestra in Ljubljana. Andrej \u017dust was also a member of the Gustav Mahler Youth Orchestra and the Pacific Music Festival Orchestra. As an active chamber musician, he is a member of the Ariart Wind Quintet, the Soloists of the Ljubljana Chamber Orchestra and the Trio Triumvirat. From February 2009 to January 2011, Andrej \u017dust was a scholarship holder of the Orchestra Academy of the Berliner Philharmoniker, and since the beginning of the 2011\/2012 season he has been a member of the horn section of the Berliner Philharmoniker, as well as a member of the Scharoun Ensemble since September 2024.<\/p>\n","protected":false},"excerpt":{"rendered":"<p>Andrej \u017dust received his first horn lessons from Janez Polanc in his home town of Logatec. He later moved on to Bo\u0161tjan Lipov\u0161ek at the Academy of Music and Ballet in Ljubljana. The young horn player received artistic inspiration from renowned musicians such as Hermann Baumann, Fr\u00f8ydis Ree Wekre, Viktor Malisch and Radovan Vlatkovi\u010d. Already &hellip; <\/p>\n<p class=\"link-more\"><a href=\"https:\/\/scharoun-ensemble.com\/en\/ensemble\/andrej-zust\/\" class=\"more-link\">Continue reading<span class=\"screen-reader-text\"> &#8220;Andrej \u017dust&#8221;<\/span><\/a><\/p>\n","protected":false},"author":1,"featured_media":40,"parent":9,"menu_order":0,"comment_status":"closed","ping_status":"closed","template":"","meta":{"_acf_changed":false,"footnotes":""},"class_list":["post-10","page","type-page","status-publish","has-post-thumbnail","hentry","entry"],"acf":[],"_links":{"self":[{"href":"https:\/\/scharoun-ensemble.com\/en\/wp-json\/wp\/v2\/pages\/10","targetHints":{"allow":["GET"]}}],"collection":[{"href":"https:\/\/scharoun-ensemble.com\/en\/wp-json\/wp\/v2\/pages"}],"about":[{"href":"https:\/\/scharoun-ensemble.com\/en\/wp-json\/wp\/v2\/types\/page"}],"author":[{"embeddable":true,"href":"https:\/\/scharoun-ensemble.com\/en\/wp-json\/wp\/v2\/users\/1"}],"replies":[{"embeddable":true,"href":"https:\/\/scharoun-ensemble.com\/en\/wp-json\/wp\/v2\/comments?post=10"}],"version-history":[{"count":0,"href":"https:\/\/scharoun-ensemble.com\/en\/wp-json\/wp\/v2\/pages\/10\/revisions"}],"up":[{"embeddable":true,"href":"https:\/\/scharoun-ensemble.com\/en\/wp-json\/wp\/v2\/pages\/9"}],"wp:featuredmedia":[{"embeddable":true,"href":"https:\/\/scharoun-ensemble.com\/en\/wp-json\/wp\/v2\/media\/40"}],"wp:attachment":[{"href":"https:\/\/scharoun-ensemble.com\/en\/wp-json\/wp\/v2\/media?parent=10"}],"curies":[{"name":"wp","href":"https:\/\/api.w.org\/{rel}","templated":true}]}}